 {"id":107,"date":"2014-07-07T15:24:46","date_gmt":"2014-07-07T15:24:46","guid":{"rendered":"http:\/\/www.comsi.fr\/?page_id=107"},"modified":"2021-07-13T17:58:50","modified_gmt":"2021-07-13T15:58:50","slug":"descriptif","status":"publish","type":"page","link":"https:\/\/www.comsi.fr\/?page_id=107","title":{"rendered":"Pr\u00e9sentation"},"content":{"rendered":"<p>Cr\u00e9\u00e9e depuis plus de 20 ans et bas\u00e9e \u00e0 Nice, COMSI con\u00e7oit et r\u00e9alise les d\u00e9cors de vos \u00e9v\u00e9nements : <strong>conventions, remises de prix, plateaux TV, gala, stands, expositions, d\u00e9fil\u00e9s de mode, mobiliers.<\/strong><\/p>\n<p><img loading=\"lazy\" decoding=\"async\" class=\"aligncenter wp-image-898 size-medium\" src=\"http:\/\/www.comsi.fr\/wp-content\/uploads\/2014\/07\/dessin-atelier-300x300.jpg\" alt=\"dessin-atelier\" width=\"300\" height=\"300\" srcset=\"https:\/\/www.comsi.fr\/wp-content\/uploads\/2014\/07\/dessin-atelier-300x300.jpg 300w, https:\/\/www.comsi.fr\/wp-content\/uploads\/2014\/07\/dessin-atelier-150x150.jpg 150w, https:\/\/www.comsi.fr\/wp-content\/uploads\/2014\/07\/dessin-atelier-700x700.jpg 700w, https:\/\/www.comsi.fr\/wp-content\/uploads\/2014\/07\/dessin-atelier-332x332.jpg 332w, https:\/\/www.comsi.fr\/wp-content\/uploads\/2014\/07\/dessin-atelier-432x432.jpg 432w, https:\/\/www.comsi.fr\/wp-content\/uploads\/2014\/07\/dessin-atelier-268x268.jpg 268w, https:\/\/www.comsi.fr\/wp-content\/uploads\/2014\/07\/dessin-atelier.jpg 750w\" sizes=\"auto, (max-width: 300px) 100vw, 300px\" \/>COMSI c&#8217;est :<\/p>\n<ul>\n<li>Un bureau d&#8217;\u00e9tudes avec un directeur commercial et un responsable technique.<\/li>\n<li>Pour chaque projet, vous recevrez un devis d\u00e9taill\u00e9 ainsi qu&#8217;un dessin ou plan technique.<\/li>\n<li>Un atelier de construction de d\u00e9cors de 1000 m2 enti\u00e8rement \u00e9quip\u00e9 : secteur menuiserie, serrurerie, peinture, couture et stockage de d\u00e9cors.<\/li>\n<li>La r\u00e9alisation fid\u00e8le de votre d\u00e9cor est toujours effectu\u00e9e dans les d\u00e9lais annonc\u00e9s.<\/li>\n<li>Une \u00e9quipe de montage et des v\u00e9hicules pour le transport des d\u00e9cors.<\/li>\n<\/ul>\n<p>COMSI installe vos d\u00e9cors sur toute la c\u00f4te d\u2019Azur : Cannes, Nice, Monaco\u2026.<br \/>\nMais \u00e9galement dans toute la France et l\u2019Europe.<\/p>\n<table border=\"0\" width=\"700\">\n<tbody>\n<tr>\n<td><img loading=\"lazy\" decoding=\"async\" class=\"aligncenter wp-image-760 size-medium\" src=\"http:\/\/www.comsi.fr\/wp-content\/uploads\/2014\/07\/monteur1-300x300.jpg\" alt=\"monteur\" width=\"300\" height=\"300\" srcset=\"https:\/\/www.comsi.fr\/wp-content\/uploads\/2014\/07\/monteur1-300x300.jpg 300w, https:\/\/www.comsi.fr\/wp-content\/uploads\/2014\/07\/monteur1-150x150.jpg 150w, https:\/\/www.comsi.fr\/wp-content\/uploads\/2014\/07\/monteur1-332x332.jpg 332w, https:\/\/www.comsi.fr\/wp-content\/uploads\/2014\/07\/monteur1-432x432.jpg 432w, https:\/\/www.comsi.fr\/wp-content\/uploads\/2014\/07\/monteur1-268x268.jpg 268w, https:\/\/www.comsi.fr\/wp-content\/uploads\/2014\/07\/monteur1.jpg 567w\" sizes=\"auto, (max-width: 300px) 100vw, 300px\" \/><\/td>\n<td><img loading=\"lazy\" decoding=\"async\" class=\"aligncenter size-medium wp-image-773\" src=\"http:\/\/www.comsi.fr\/wp-content\/uploads\/2014\/07\/monteur3-300x300.jpg\" alt=\"Monteur 3\" width=\"300\" height=\"300\" srcset=\"https:\/\/www.comsi.fr\/wp-content\/uploads\/2014\/07\/monteur3-300x300.jpg 300w, https:\/\/www.comsi.fr\/wp-content\/uploads\/2014\/07\/monteur3-150x150.jpg 150w, https:\/\/www.comsi.fr\/wp-content\/uploads\/2014\/07\/monteur3-332x332.jpg 332w, https:\/\/www.comsi.fr\/wp-content\/uploads\/2014\/07\/monteur3-432x432.jpg 432w, https:\/\/www.comsi.fr\/wp-content\/uploads\/2014\/07\/monteur3-268x268.jpg 268w, https:\/\/www.comsi.fr\/wp-content\/uploads\/2014\/07\/monteur3.jpg 567w\" sizes=\"auto, (max-width: 300px) 100vw, 300px\" \/><\/td>\n<\/tr>\n<\/tbody>\n<\/table>\n","protected":false},"excerpt":{"rendered":"<p>Cr\u00e9\u00e9e depuis plus de 20 ans et bas\u00e9e \u00e0 Nice, COMSI con\u00e7oit et r\u00e9alise les d\u00e9cors de vos \u00e9v\u00e9nements : conventions, remises de prix, plateaux TV, gala, stands, expositions, d\u00e9fil\u00e9s de mode, mobiliers. COMSI c&#8217;est : Un bureau d&#8217;\u00e9tudes avec un directeur commercial et un responsable technique. Pour chaque projet, &#8230;<\/p>\n","protected":false},"author":1,"featured_media":0,"parent":33,"menu_order":0,"comment_status":"closed","ping_status":"closed","template":"template-full-width.php","meta":{"footnotes":""},"class_list":["post-107","page","type-page","status-publish","hentry","column","threecol"],"_links":{"self":[{"href":"https:\/\/www.comsi.fr\/index.php?rest_route=\/wp\/v2\/pages\/107","targetHints":{"allow":["GET"]}}],"collection":[{"href":"https:\/\/www.comsi.fr\/index.php?rest_route=\/wp\/v2\/pages"}],"about":[{"href":"https:\/\/www.comsi.fr\/index.php?rest_route=\/wp\/v2\/types\/page"}],"author":[{"embeddable":true,"href":"https:\/\/www.comsi.fr\/index.php?rest_route=\/wp\/v2\/users\/1"}],"replies":[{"embeddable":true,"href":"https:\/\/www.comsi.fr\/index.php?rest_route=%2Fwp%2Fv2%2Fcomments&post=107"}],"version-history":[{"count":24,"href":"https:\/\/www.comsi.fr\/index.php?rest_route=\/wp\/v2\/pages\/107\/revisions"}],"predecessor-version":[{"id":1104,"href":"https:\/\/www.comsi.fr\/index.php?rest_route=\/wp\/v2\/pages\/107\/revisions\/1104"}],"up":[{"embeddable":true,"href":"https:\/\/www.comsi.fr\/index.php?rest_route=\/wp\/v2\/pages\/33"}],"wp:attachment":[{"href":"https:\/\/www.comsi.fr\/index.php?rest_route=%2Fwp%2Fv2%2Fmedia&parent=107"}],"curies":[{"name":"wp","href":"https:\/\/api.w.org\/{rel}","templated":true}]}}