 {"id":111,"date":"2014-07-07T15:25:57","date_gmt":"2014-07-07T15:25:57","guid":{"rendered":"http:\/\/www.comsi.fr\/?page_id=111"},"modified":"2015-01-14T10:25:56","modified_gmt":"2015-01-14T09:25:56","slug":"references","status":"publish","type":"page","link":"https:\/\/www.comsi.fr\/?page_id=111","title":{"rendered":"R\u00e9f\u00e9rences"},"content":{"rendered":"<p>Accenture, Air Liquide, Alfa Romeo, Allianz, Alstom, Amfar, Antalis, Astra Zeneca, Audi, Aventis, Axa, Baccarat, BMS, BMW, Boehringer, Canon, Carpenter, Carrefour Banque, Ceva, Cerib, Chanel, Cinna Cisco Systems, CIO, Clifford Chance, Comptoir des Cotonniers, Conforama, Coyotte, Danone, Dassault System, Deustche Bank, EDF, EY, Essilor, Eurogas, Evian Championship, Festival TV, FNSEA, G\u00e9n\u00e9rale sant\u00e9, Google, GSK, Hewlett Packard, HSBC, Hunday, IAAF, IBM, Imagina, Ingelheim, Janssen, Lafor\u00eat, Lancaster, Lejaby, Lilly, L\u2019Occitane, L\u2019Or\u00e9al, Louis Vuitton, LPL, Microsoft, Mipim, MSC, Nocib\u00e9, Nortel, Novartis, Opel, Orange, Pfizer, Porsche, Renault, Roche, Rolex, Sanofi, Sawa , Schneider Electric, Schwarzkopf, Soderip, Sony, Sportel, Studio Harcourt, Sodexo, Suzuki, Total, Transamerica, UEFA, USB, Usinor Sacilor, Ville de Hong Kong, Yves Saint Laurent&#8230;<\/p>\n<p><img loading=\"lazy\" decoding=\"async\" class=\"aligncenter size-full wp-image-769\" src=\"http:\/\/www.comsi.fr\/wp-content\/uploads\/2014\/07\/monteur2.jpg\" alt=\"Monteur 2\" width=\"567\" height=\"567\" srcset=\"https:\/\/www.comsi.fr\/wp-content\/uploads\/2014\/07\/monteur2.jpg 567w, https:\/\/www.comsi.fr\/wp-content\/uploads\/2014\/07\/monteur2-150x150.jpg 150w, https:\/\/www.comsi.fr\/wp-content\/uploads\/2014\/07\/monteur2-300x300.jpg 300w, https:\/\/www.comsi.fr\/wp-content\/uploads\/2014\/07\/monteur2-332x332.jpg 332w, https:\/\/www.comsi.fr\/wp-content\/uploads\/2014\/07\/monteur2-432x432.jpg 432w, https:\/\/www.comsi.fr\/wp-content\/uploads\/2014\/07\/monteur2-268x268.jpg 268w\" sizes=\"auto, (max-width: 567px) 100vw, 567px\" \/><\/p>\n","protected":false},"excerpt":{"rendered":"<p>Accenture, Air Liquide, Alfa Romeo, Allianz, Alstom, Amfar, Antalis, Astra Zeneca, Audi, Aventis, Axa, Baccarat, BMS, BMW, Boehringer, Canon, Carpenter, Carrefour Banque, Ceva, Cerib, Chanel, Cinna Cisco Systems, CIO, Clifford Chance, Comptoir des Cotonniers, Conforama, Coyotte, Danone, Dassault System, Deustche Bank, EDF, EY, Essilor, Eurogas, Evian Championship, Festival TV, FNSEA, &#8230;<\/p>\n","protected":false},"author":1,"featured_media":0,"parent":33,"menu_order":0,"comment_status":"closed","ping_status":"closed","template":"template-full-width.php","meta":{"footnotes":""},"class_list":["post-111","page","type-page","status-publish","hentry","column","threecol"],"_links":{"self":[{"href":"https:\/\/www.comsi.fr\/index.php?rest_route=\/wp\/v2\/pages\/111","targetHints":{"allow":["GET"]}}],"collection":[{"href":"https:\/\/www.comsi.fr\/index.php?rest_route=\/wp\/v2\/pages"}],"about":[{"href":"https:\/\/www.comsi.fr\/index.php?rest_route=\/wp\/v2\/types\/page"}],"author":[{"embeddable":true,"href":"https:\/\/www.comsi.fr\/index.php?rest_route=\/wp\/v2\/users\/1"}],"replies":[{"embeddable":true,"href":"https:\/\/www.comsi.fr\/index.php?rest_route=%2Fwp%2Fv2%2Fcomments&post=111"}],"version-history":[{"count":7,"href":"https:\/\/www.comsi.fr\/index.php?rest_route=\/wp\/v2\/pages\/111\/revisions"}],"predecessor-version":[{"id":908,"href":"https:\/\/www.comsi.fr\/index.php?rest_route=\/wp\/v2\/pages\/111\/revisions\/908"}],"up":[{"embeddable":true,"href":"https:\/\/www.comsi.fr\/index.php?rest_route=\/wp\/v2\/pages\/33"}],"wp:attachment":[{"href":"https:\/\/www.comsi.fr\/index.php?rest_route=%2Fwp%2Fv2%2Fmedia&parent=111"}],"curies":[{"name":"wp","href":"https:\/\/api.w.org\/{rel}","templated":true}]}}