 {"id":113,"date":"2014-07-07T15:31:24","date_gmt":"2014-07-07T15:31:24","guid":{"rendered":"http:\/\/www.comsi.fr\/?page_id=113"},"modified":"2014-12-03T10:13:24","modified_gmt":"2014-12-03T09:13:24","slug":"villes-et-pays","status":"publish","type":"page","link":"https:\/\/www.comsi.fr\/?page_id=113","title":{"rendered":"Villes et pays"},"content":{"rendered":"<p><strong>COMSI\u00a0se d\u00e9place dans tout le Sud de la France et l&#8217;Europe<\/strong><\/p>\n<p><em><strong>Monaco :<\/strong><\/em> H\u00f4tel Fairmont, Grimaldi Forum, H\u00f4tel de Paris, Caf\u00e9 de Paris, H\u00f4tel Hermitage, Sporting d&#8217;Hivers, Sporting d&#8217;Et\u00e9, H\u00f4tel Monte Carlo Bay, H\u00f4tel Meridien Beach Plaza, Novotel, Mus\u00e9e de l&#8217;automobile, chapiteau Fontvieille, Salle du Canton.<\/p>\n<p><em><strong>Nice :<\/strong><\/em> Acropolis, H\u00f4tel Boscolo, H\u00f4tel M\u00e9ridien, H\u00f4tel Negresco, H\u00f4tel Radisson, H\u00f4tel Sheraton, H\u00f4tel Westminster, Palais de la M\u00e9diterran\u00e9e, Citadelle de Villefranche, Domaine de Mont Leuze, Royal Riviera, Stade Allianz Riviera.<\/p>\n<p><em><strong>Cannes :<\/strong><\/em> H\u00f4tel Martinez, H\u00f4tel Majestic, H\u00f4tel Gray d&#8217;Albion, H\u00f4tel Marriot, Novotel, H\u00f4tel 3-14, Palais des Festivals, Palm Beach, Ch\u00e2teau de la Napoule, Palais Bulle, Ch\u00e2teau de Camiole (Fayence), Centre des congr\u00e8s, MMV resort, Pullman Royal Casino.<\/p>\n<p><em><strong>Juan les Pins :<\/strong><\/em> H\u00f4tel M\u00e9ridien, Palais des Congr\u00e8s, Eden Roc.<\/p>\n<p><em><strong>Lyon :<\/strong><\/em> Centre des congr\u00e8s, H\u00f4tel Radisson.<\/p>\n<p><em><strong>Marseille :<\/strong><\/em> CCI, Doc des Suds, Espace Borelli, H\u00f4tel Intercontinental, Quai des Docks, Palais Pharo, H\u00f4tel Pullman, H\u00f4tel Dolce Fr\u00e9gate (Bandol).<\/p>\n<p><em><strong><em>Montpellier<\/em>\u00a0:<\/strong><\/em> Centre des congr\u00e8s, Fac de m\u00e9decine, Domaine de Verchan.<\/p>\n<p><em><strong>Grenoble :<\/strong> <\/em>Palais des expositions Alpexpo<\/p>\n<p><em><strong>Gen\u00e8ve :<\/strong><\/em> Parc des expositions<\/p>\n<p><em><strong>Evian :<\/strong><\/em> Hotel Royal, Grange du lac.<\/p>\n<p><em><strong>Italie\u00a0: <\/strong><\/em>Naples, Rome<\/p>\n<p><em><strong>Portugal\u00a0: <\/strong><\/em>Lisbonne, Cascais<strong>.<\/strong><\/p>\n<p><em><strong>Espagne :<\/strong><\/em> Barcelone (H\u00f4tel Arts, Palais des Congr\u00e8s, Port Aventura) et S\u00e9ville<\/p>\n","protected":false},"excerpt":{"rendered":"<p>COMSI\u00a0se d\u00e9place dans tout le Sud de la France et l&#8217;Europe Monaco : H\u00f4tel Fairmont, Grimaldi Forum, H\u00f4tel de Paris, Caf\u00e9 de Paris, H\u00f4tel Hermitage, Sporting d&#8217;Hivers, Sporting d&#8217;Et\u00e9, H\u00f4tel Monte Carlo Bay, H\u00f4tel Meridien Beach Plaza, Novotel, Mus\u00e9e de l&#8217;automobile, chapiteau Fontvieille, Salle du Canton. Nice : Acropolis, H\u00f4tel &#8230;<\/p>\n","protected":false},"author":1,"featured_media":0,"parent":33,"menu_order":0,"comment_status":"closed","ping_status":"closed","template":"template-full-width.php","meta":{"footnotes":""},"class_list":["post-113","page","type-page","status-publish","hentry","column","threecol"],"_links":{"self":[{"href":"https:\/\/www.comsi.fr\/index.php?rest_route=\/wp\/v2\/pages\/113","targetHints":{"allow":["GET"]}}],"collection":[{"href":"https:\/\/www.comsi.fr\/index.php?rest_route=\/wp\/v2\/pages"}],"about":[{"href":"https:\/\/www.comsi.fr\/index.php?rest_route=\/wp\/v2\/types\/page"}],"author":[{"embeddable":true,"href":"https:\/\/www.comsi.fr\/index.php?rest_route=\/wp\/v2\/users\/1"}],"replies":[{"embeddable":true,"href":"https:\/\/www.comsi.fr\/index.php?rest_route=%2Fwp%2Fv2%2Fcomments&post=113"}],"version-history":[{"count":10,"href":"https:\/\/www.comsi.fr\/index.php?rest_route=\/wp\/v2\/pages\/113\/revisions"}],"predecessor-version":[{"id":791,"href":"https:\/\/www.comsi.fr\/index.php?rest_route=\/wp\/v2\/pages\/113\/revisions\/791"}],"up":[{"embeddable":true,"href":"https:\/\/www.comsi.fr\/index.php?rest_route=\/wp\/v2\/pages\/33"}],"wp:attachment":[{"href":"https:\/\/www.comsi.fr\/index.php?rest_route=%2Fwp%2Fv2%2Fmedia&parent=113"}],"curies":[{"name":"wp","href":"https:\/\/api.w.org\/{rel}","templated":true}]}}